{"id":2056,"date":"2023-06-26T05:36:15","date_gmt":"2023-06-26T05:36:15","guid":{"rendered":"https:\/\/canpizza.store\/?post_type=product&#038;p=2056"},"modified":"2026-01-12T13:44:35","modified_gmt":"2026-01-12T13:44:35","slug":"me-aburro-libro-infantil","status":"publish","type":"product","link":"https:\/\/canpizza.store\/en\/producto\/me-aburro-libro-infantil\/","title":{"rendered":"ME ABURROOOOOOOOOO &#8211; Libro infantil"},"content":{"rendered":"<p>ME ABURROOOOOOOOOO<\/p>\n","protected":false},"excerpt":{"rendered":"<h3>Me aburrooooooooo<\/h3>\n<p>Para asegurarnos de que los m\u00e1s peque\u00f1os de la casa pueden divertirse tanto como los mayores cuando vienen a Can Pizza, nos hemos puesto en manos de los mejores expertos para crear para ellos un pasatiempo a la altura de nuestras pizzas: un libro creado por y para ni\u00f1os. Porque, \u00bfqui\u00e9n mejor que un ni\u00f1o para divertir a otro ni\u00f1o?<br \/>\n<strong>Rompecabezas, pasatiempos, juegos y actividades dise\u00f1ados por la ilustradora Amaia Arrazola se dan cita en \u201cMe aburroooooooooo\u201d en una alternativa perfecta con la que fomentar la desconexi\u00f3n digital infantil. Y para, por qu\u00e9 no decirlo tambi\u00e9n, acabar con el tan sonado \u201cMe aburroooooooooo\u201d.<\/strong><\/p>\n","protected":false},"featured_media":2854,"comment_status":"open","ping_status":"closed","template":"","meta":{"inline_featured_image":false},"product_brand":[],"product_cat":[27],"product_tag":[],"class_list":{"0":"post-2056","1":"product","2":"type-product","3":"status-publish","4":"has-post-thumbnail","6":"product_cat-sin-categorizar","7":"post-wrapper","9":"first","10":"instock","11":"shipping-taxable","12":"purchasable","13":"product-type-simple"},"yoast_head":"<!-- This site is optimized with the Yoast SEO plugin v27.4 - https:\/\/yoast.com\/product\/yoast-seo-wordpress\/ -->\n<title>ME ABURROOOOOOOOOO - Libro infantil - CAN PIZZA<\/title>\n<meta name=\"robots\" content=\"index, follow, max-snippet:-1, max-image-preview:large, max-video-preview:-1\" \/>\n<link rel=\"canonical\" href=\"https:\/\/canpizza.store\/producto\/me-aburro-libro-infantil\/\" \/>\n<meta property=\"og:locale\" content=\"en_US\" \/>\n<meta property=\"og:type\" content=\"article\" \/>\n<meta property=\"og:title\" content=\"ME ABURROOOOOOOOOO - Libro infantil - CAN PIZZA\" \/>\n<meta property=\"og:description\" content=\"Me aburrooooooooo Para asegurarnos de que los m\u00e1s peque\u00f1os de la casa pueden divertirse tanto como los mayores cuando vienen a Can Pizza, nos hemos puesto en manos de los mejores expertos para crear para ellos un pasatiempo a la altura de nuestras pizzas: un libro creado por y para ni\u00f1os. Porque, \u00bfqui\u00e9n mejor que un ni\u00f1o para divertir a otro ni\u00f1o? Rompecabezas, pasatiempos, juegos y actividades dise\u00f1ados por la ilustradora Amaia Arrazola se dan cita en \u201cMe aburroooooooooo\u201d en una alternativa perfecta con la que fomentar la desconexi\u00f3n digital infantil. Y para, por qu\u00e9 no decirlo tambi\u00e9n, acabar con el tan sonado \u201cMe aburroooooooooo\u201d.\" \/>\n<meta property=\"og:url\" content=\"https:\/\/canpizza.store\/producto\/me-aburro-libro-infantil\/\" \/>\n<meta property=\"og:site_name\" content=\"CAN PIZZA\" \/>\n<meta property=\"article:publisher\" content=\"https:\/\/www.facebook.com\/canpizzaoficial\/?locale=es_ES\" \/>\n<meta property=\"article:modified_time\" content=\"2026-01-12T13:44:35+00:00\" \/>\n<meta property=\"og:image\" content=\"https:\/\/canpizza.store\/wp-content\/uploads\/2023\/06\/meaburro-book.png\" \/>\n\t<meta property=\"og:image:width\" content=\"1000\" \/>\n\t<meta property=\"og:image:height\" content=\"1000\" \/>\n\t<meta property=\"og:image:type\" content=\"image\/png\" \/>\n<meta name=\"twitter:card\" content=\"summary_large_image\" \/>\n<script type=\"application\/ld+json\" class=\"yoast-schema-graph\">{\"@context\":\"https:\\\/\\\/schema.org\",\"@graph\":[{\"@type\":\"WebPage\",\"@id\":\"https:\\\/\\\/canpizza.store\\\/producto\\\/me-aburro-libro-infantil\\\/\",\"url\":\"https:\\\/\\\/canpizza.store\\\/producto\\\/me-aburro-libro-infantil\\\/\",\"name\":\"ME ABURROOOOOOOOOO - Libro infantil - CAN PIZZA\",\"isPartOf\":{\"@id\":\"https:\\\/\\\/canpizza.store\\\/#website\"},\"primaryImageOfPage\":{\"@id\":\"https:\\\/\\\/canpizza.store\\\/producto\\\/me-aburro-libro-infantil\\\/#primaryimage\"},\"image\":{\"@id\":\"https:\\\/\\\/canpizza.store\\\/producto\\\/me-aburro-libro-infantil\\\/#primaryimage\"},\"thumbnailUrl\":\"https:\\\/\\\/canpizza.store\\\/wp-content\\\/uploads\\\/2023\\\/06\\\/meaburro-book.png\",\"datePublished\":\"2023-06-26T05:36:15+00:00\",\"dateModified\":\"2026-01-12T13:44:35+00:00\",\"breadcrumb\":{\"@id\":\"https:\\\/\\\/canpizza.store\\\/producto\\\/me-aburro-libro-infantil\\\/#breadcrumb\"},\"inLanguage\":\"en-US\",\"potentialAction\":[{\"@type\":\"ReadAction\",\"target\":[\"https:\\\/\\\/canpizza.store\\\/producto\\\/me-aburro-libro-infantil\\\/\"]}]},{\"@type\":\"ImageObject\",\"inLanguage\":\"en-US\",\"@id\":\"https:\\\/\\\/canpizza.store\\\/producto\\\/me-aburro-libro-infantil\\\/#primaryimage\",\"url\":\"https:\\\/\\\/canpizza.store\\\/wp-content\\\/uploads\\\/2023\\\/06\\\/meaburro-book.png\",\"contentUrl\":\"https:\\\/\\\/canpizza.store\\\/wp-content\\\/uploads\\\/2023\\\/06\\\/meaburro-book.png\",\"width\":1000,\"height\":1000,\"caption\":\"meaburro-book\"},{\"@type\":\"BreadcrumbList\",\"@id\":\"https:\\\/\\\/canpizza.store\\\/producto\\\/me-aburro-libro-infantil\\\/#breadcrumb\",\"itemListElement\":[{\"@type\":\"ListItem\",\"position\":1,\"name\":\"Portada\",\"item\":\"https:\\\/\\\/canpizza.store\\\/en\\\/\"},{\"@type\":\"ListItem\",\"position\":2,\"name\":\"Tienda Can Pizza\",\"item\":\"https:\\\/\\\/canpizza.store\\\/tienda\\\/\"},{\"@type\":\"ListItem\",\"position\":3,\"name\":\"ME ABURROOOOOOOOOO &#8211; Libro infantil\"}]},{\"@type\":\"WebSite\",\"@id\":\"https:\\\/\\\/canpizza.store\\\/#website\",\"url\":\"https:\\\/\\\/canpizza.store\\\/\",\"name\":\"CAN PIZZA\",\"description\":\"Respect the pizza\",\"publisher\":{\"@id\":\"https:\\\/\\\/canpizza.store\\\/#organization\"},\"alternateName\":\"CAN PIZZA\",\"potentialAction\":[{\"@type\":\"SearchAction\",\"target\":{\"@type\":\"EntryPoint\",\"urlTemplate\":\"https:\\\/\\\/canpizza.store\\\/?s={search_term_string}\"},\"query-input\":{\"@type\":\"PropertyValueSpecification\",\"valueRequired\":true,\"valueName\":\"search_term_string\"}}],\"inLanguage\":\"en-US\"},{\"@type\":\"Organization\",\"@id\":\"https:\\\/\\\/canpizza.store\\\/#organization\",\"name\":\"CAN PIZZA\",\"url\":\"https:\\\/\\\/canpizza.store\\\/\",\"logo\":{\"@type\":\"ImageObject\",\"inLanguage\":\"en-US\",\"@id\":\"https:\\\/\\\/canpizza.store\\\/#\\\/schema\\\/logo\\\/image\\\/\",\"url\":\"https:\\\/\\\/canpizza.store\\\/wp-content\\\/uploads\\\/2023\\\/06\\\/can-pizza-logo.png\",\"contentUrl\":\"https:\\\/\\\/canpizza.store\\\/wp-content\\\/uploads\\\/2023\\\/06\\\/can-pizza-logo.png\",\"width\":706,\"height\":164,\"caption\":\"CAN PIZZA\"},\"image\":{\"@id\":\"https:\\\/\\\/canpizza.store\\\/#\\\/schema\\\/logo\\\/image\\\/\"},\"sameAs\":[\"https:\\\/\\\/www.facebook.com\\\/canpizzaoficial\\\/?locale=es_ES\",\"https:\\\/\\\/www.instagram.com\\\/canpizzaoficial\\\/\",\"https:\\\/\\\/www.youtube.com\\\/channel\\\/UCB-1lAueskvomnaikShzaYQ\",\"https:\\\/\\\/www.linkedin.com\\\/company\\\/can-pizza?original_referer=httpswwwgooglecom&originalSubdomain=es\"]}]}<\/script>\n<!-- \/ Yoast SEO plugin. -->","yoast_head_json":{"title":"ME ABURROOOOOOOOOO - Libro infantil - CAN PIZZA","robots":{"index":"index","follow":"follow","max-snippet":"max-snippet:-1","max-image-preview":"max-image-preview:large","max-video-preview":"max-video-preview:-1"},"canonical":"https:\/\/canpizza.store\/producto\/me-aburro-libro-infantil\/","og_locale":"en_US","og_type":"article","og_title":"ME ABURROOOOOOOOOO - Libro infantil - CAN PIZZA","og_description":"Me aburrooooooooo Para asegurarnos de que los m\u00e1s peque\u00f1os de la casa pueden divertirse tanto como los mayores cuando vienen a Can Pizza, nos hemos puesto en manos de los mejores expertos para crear para ellos un pasatiempo a la altura de nuestras pizzas: un libro creado por y para ni\u00f1os. Porque, \u00bfqui\u00e9n mejor que un ni\u00f1o para divertir a otro ni\u00f1o? Rompecabezas, pasatiempos, juegos y actividades dise\u00f1ados por la ilustradora Amaia Arrazola se dan cita en \u201cMe aburroooooooooo\u201d en una alternativa perfecta con la que fomentar la desconexi\u00f3n digital infantil. Y para, por qu\u00e9 no decirlo tambi\u00e9n, acabar con el tan sonado \u201cMe aburroooooooooo\u201d.","og_url":"https:\/\/canpizza.store\/producto\/me-aburro-libro-infantil\/","og_site_name":"CAN PIZZA","article_publisher":"https:\/\/www.facebook.com\/canpizzaoficial\/?locale=es_ES","article_modified_time":"2026-01-12T13:44:35+00:00","og_image":[{"width":1000,"height":1000,"url":"https:\/\/canpizza.store\/wp-content\/uploads\/2023\/06\/meaburro-book.png","type":"image\/png"}],"twitter_card":"summary_large_image","schema":{"@context":"https:\/\/schema.org","@graph":[{"@type":"WebPage","@id":"https:\/\/canpizza.store\/producto\/me-aburro-libro-infantil\/","url":"https:\/\/canpizza.store\/producto\/me-aburro-libro-infantil\/","name":"ME ABURROOOOOOOOOO - Libro infantil - CAN PIZZA","isPartOf":{"@id":"https:\/\/canpizza.store\/#website"},"primaryImageOfPage":{"@id":"https:\/\/canpizza.store\/producto\/me-aburro-libro-infantil\/#primaryimage"},"image":{"@id":"https:\/\/canpizza.store\/producto\/me-aburro-libro-infantil\/#primaryimage"},"thumbnailUrl":"https:\/\/canpizza.store\/wp-content\/uploads\/2023\/06\/meaburro-book.png","datePublished":"2023-06-26T05:36:15+00:00","dateModified":"2026-01-12T13:44:35+00:00","breadcrumb":{"@id":"https:\/\/canpizza.store\/producto\/me-aburro-libro-infantil\/#breadcrumb"},"inLanguage":"en-US","potentialAction":[{"@type":"ReadAction","target":["https:\/\/canpizza.store\/producto\/me-aburro-libro-infantil\/"]}]},{"@type":"ImageObject","inLanguage":"en-US","@id":"https:\/\/canpizza.store\/producto\/me-aburro-libro-infantil\/#primaryimage","url":"https:\/\/canpizza.store\/wp-content\/uploads\/2023\/06\/meaburro-book.png","contentUrl":"https:\/\/canpizza.store\/wp-content\/uploads\/2023\/06\/meaburro-book.png","width":1000,"height":1000,"caption":"meaburro-book"},{"@type":"BreadcrumbList","@id":"https:\/\/canpizza.store\/producto\/me-aburro-libro-infantil\/#breadcrumb","itemListElement":[{"@type":"ListItem","position":1,"name":"Portada","item":"https:\/\/canpizza.store\/en\/"},{"@type":"ListItem","position":2,"name":"Tienda Can Pizza","item":"https:\/\/canpizza.store\/tienda\/"},{"@type":"ListItem","position":3,"name":"ME ABURROOOOOOOOOO &#8211; Libro infantil"}]},{"@type":"WebSite","@id":"https:\/\/canpizza.store\/#website","url":"https:\/\/canpizza.store\/","name":"CAN PIZZA","description":"Respect the pizza","publisher":{"@id":"https:\/\/canpizza.store\/#organization"},"alternateName":"CAN PIZZA","potentialAction":[{"@type":"SearchAction","target":{"@type":"EntryPoint","urlTemplate":"https:\/\/canpizza.store\/?s={search_term_string}"},"query-input":{"@type":"PropertyValueSpecification","valueRequired":true,"valueName":"search_term_string"}}],"inLanguage":"en-US"},{"@type":"Organization","@id":"https:\/\/canpizza.store\/#organization","name":"CAN PIZZA","url":"https:\/\/canpizza.store\/","logo":{"@type":"ImageObject","inLanguage":"en-US","@id":"https:\/\/canpizza.store\/#\/schema\/logo\/image\/","url":"https:\/\/canpizza.store\/wp-content\/uploads\/2023\/06\/can-pizza-logo.png","contentUrl":"https:\/\/canpizza.store\/wp-content\/uploads\/2023\/06\/can-pizza-logo.png","width":706,"height":164,"caption":"CAN PIZZA"},"image":{"@id":"https:\/\/canpizza.store\/#\/schema\/logo\/image\/"},"sameAs":["https:\/\/www.facebook.com\/canpizzaoficial\/?locale=es_ES","https:\/\/www.instagram.com\/canpizzaoficial\/","https:\/\/www.youtube.com\/channel\/UCB-1lAueskvomnaikShzaYQ","https:\/\/www.linkedin.com\/company\/can-pizza?original_referer=httpswwwgooglecom&originalSubdomain=es"]}]}},"_links":{"self":[{"href":"https:\/\/canpizza.store\/en\/wp-json\/wp\/v2\/product\/2056","targetHints":{"allow":["GET"]}}],"collection":[{"href":"https:\/\/canpizza.store\/en\/wp-json\/wp\/v2\/product"}],"about":[{"href":"https:\/\/canpizza.store\/en\/wp-json\/wp\/v2\/types\/product"}],"replies":[{"embeddable":true,"href":"https:\/\/canpizza.store\/en\/wp-json\/wp\/v2\/comments?post=2056"}],"wp:featuredmedia":[{"embeddable":true,"href":"https:\/\/canpizza.store\/en\/wp-json\/wp\/v2\/media\/2854"}],"wp:attachment":[{"href":"https:\/\/canpizza.store\/en\/wp-json\/wp\/v2\/media?parent=2056"}],"wp:term":[{"taxonomy":"product_brand","embeddable":true,"href":"https:\/\/canpizza.store\/en\/wp-json\/wp\/v2\/product_brand?post=2056"},{"taxonomy":"product_cat","embeddable":true,"href":"https:\/\/canpizza.store\/en\/wp-json\/wp\/v2\/product_cat?post=2056"},{"taxonomy":"product_tag","embeddable":true,"href":"https:\/\/canpizza.store\/en\/wp-json\/wp\/v2\/product_tag?post=2056"}],"curies":[{"name":"wp","href":"https:\/\/api.w.org\/{rel}","templated":true}]}}