{"id":2836,"date":"2023-10-09T09:30:24","date_gmt":"2023-10-09T09:30:24","guid":{"rendered":"https:\/\/canpizza.store\/?post_type=product&#038;p=2836"},"modified":"2026-01-12T13:44:38","modified_gmt":"2026-01-12T13:44:38","slug":"javier-rodriguez-x-can-pizza","status":"publish","type":"product","link":"https:\/\/canpizza.store\/ca\/producto\/javier-rodriguez-x-can-pizza\/","title":{"rendered":"JAVIER RODR\u00cdGUEZ X CAN PIZZA"},"content":{"rendered":"<p>Camiseta de algod\u00f3n raspado con cuello de canal\u00e9.<\/p>\n","protected":false},"excerpt":{"rendered":"<p>JAVIER RODR\u00cdGUEZ x CAN PIZZA<br \/>\nEdici\u00f3n limitada.<\/p>\n","protected":false},"featured_media":2842,"comment_status":"open","ping_status":"closed","template":"","meta":{"inline_featured_image":false},"product_brand":[],"product_cat":[27],"product_tag":[],"class_list":{"0":"post-2836","1":"product","2":"type-product","3":"status-publish","4":"has-post-thumbnail","6":"product_cat-sin-categorizar","7":"post-wrapper","9":"first","10":"instock","11":"shipping-taxable","12":"purchasable","13":"product-type-variable","14":"has-default-attributes"},"yoast_head":"<!-- This site is optimized with the Yoast SEO plugin v27.4 - https:\/\/yoast.com\/product\/yoast-seo-wordpress\/ -->\n<title>JAVIER RODR\u00cdGUEZ X CAN PIZZA - CAN PIZZA<\/title>\n<meta name=\"robots\" content=\"index, follow, max-snippet:-1, max-image-preview:large, max-video-preview:-1\" \/>\n<link rel=\"canonical\" href=\"https:\/\/canpizza.store\/producto\/javier-rodriguez-x-can-pizza\/\" \/>\n<meta property=\"og:locale\" content=\"ca_ES\" \/>\n<meta property=\"og:type\" content=\"article\" \/>\n<meta property=\"og:title\" content=\"JAVIER RODR\u00cdGUEZ X CAN PIZZA - CAN PIZZA\" \/>\n<meta property=\"og:description\" content=\"JAVIER RODR\u00cdGUEZ x CAN PIZZA Edici\u00f3n limitada.\" \/>\n<meta property=\"og:url\" content=\"https:\/\/canpizza.store\/producto\/javier-rodriguez-x-can-pizza\/\" \/>\n<meta property=\"og:site_name\" content=\"CAN PIZZA\" \/>\n<meta property=\"article:publisher\" content=\"https:\/\/www.facebook.com\/canpizzaoficial\/?locale=es_ES\" \/>\n<meta property=\"article:modified_time\" content=\"2026-01-12T13:44:38+00:00\" \/>\n<meta property=\"og:image\" content=\"https:\/\/canpizza.store\/wp-content\/uploads\/2023\/10\/javier-sold-out.png\" \/>\n\t<meta property=\"og:image:width\" content=\"1000\" \/>\n\t<meta property=\"og:image:height\" content=\"1000\" \/>\n\t<meta property=\"og:image:type\" content=\"image\/png\" \/>\n<meta name=\"twitter:card\" content=\"summary_large_image\" \/>\n<script type=\"application\/ld+json\" class=\"yoast-schema-graph\">{\"@context\":\"https:\\\/\\\/schema.org\",\"@graph\":[{\"@type\":\"WebPage\",\"@id\":\"https:\\\/\\\/canpizza.store\\\/producto\\\/javier-rodriguez-x-can-pizza\\\/\",\"url\":\"https:\\\/\\\/canpizza.store\\\/producto\\\/javier-rodriguez-x-can-pizza\\\/\",\"name\":\"JAVIER RODR\u00cdGUEZ X CAN PIZZA - CAN PIZZA\",\"isPartOf\":{\"@id\":\"https:\\\/\\\/canpizza.store\\\/#website\"},\"primaryImageOfPage\":{\"@id\":\"https:\\\/\\\/canpizza.store\\\/producto\\\/javier-rodriguez-x-can-pizza\\\/#primaryimage\"},\"image\":{\"@id\":\"https:\\\/\\\/canpizza.store\\\/producto\\\/javier-rodriguez-x-can-pizza\\\/#primaryimage\"},\"thumbnailUrl\":\"https:\\\/\\\/canpizza.store\\\/wp-content\\\/uploads\\\/2023\\\/10\\\/javier-sold-out.png\",\"datePublished\":\"2023-10-09T09:30:24+00:00\",\"dateModified\":\"2026-01-12T13:44:38+00:00\",\"breadcrumb\":{\"@id\":\"https:\\\/\\\/canpizza.store\\\/producto\\\/javier-rodriguez-x-can-pizza\\\/#breadcrumb\"},\"inLanguage\":\"ca\",\"potentialAction\":[{\"@type\":\"ReadAction\",\"target\":[\"https:\\\/\\\/canpizza.store\\\/producto\\\/javier-rodriguez-x-can-pizza\\\/\"]}]},{\"@type\":\"ImageObject\",\"inLanguage\":\"ca\",\"@id\":\"https:\\\/\\\/canpizza.store\\\/producto\\\/javier-rodriguez-x-can-pizza\\\/#primaryimage\",\"url\":\"https:\\\/\\\/canpizza.store\\\/wp-content\\\/uploads\\\/2023\\\/10\\\/javier-sold-out.png\",\"contentUrl\":\"https:\\\/\\\/canpizza.store\\\/wp-content\\\/uploads\\\/2023\\\/10\\\/javier-sold-out.png\",\"width\":1000,\"height\":1000,\"caption\":\"JAVIER RODR\u00cdGUEZ X CAN PIZZA\"},{\"@type\":\"BreadcrumbList\",\"@id\":\"https:\\\/\\\/canpizza.store\\\/producto\\\/javier-rodriguez-x-can-pizza\\\/#breadcrumb\",\"itemListElement\":[{\"@type\":\"ListItem\",\"position\":1,\"name\":\"Portada\",\"item\":\"https:\\\/\\\/canpizza.store\\\/\"},{\"@type\":\"ListItem\",\"position\":2,\"name\":\"Tienda Can Pizza\",\"item\":\"https:\\\/\\\/canpizza.store\\\/tienda\\\/\"},{\"@type\":\"ListItem\",\"position\":3,\"name\":\"JAVIER RODR\u00cdGUEZ X CAN PIZZA\"}]},{\"@type\":\"WebSite\",\"@id\":\"https:\\\/\\\/canpizza.store\\\/#website\",\"url\":\"https:\\\/\\\/canpizza.store\\\/\",\"name\":\"CAN PIZZA\",\"description\":\"Respect the pizza\",\"publisher\":{\"@id\":\"https:\\\/\\\/canpizza.store\\\/#organization\"},\"alternateName\":\"CAN PIZZA\",\"potentialAction\":[{\"@type\":\"SearchAction\",\"target\":{\"@type\":\"EntryPoint\",\"urlTemplate\":\"https:\\\/\\\/canpizza.store\\\/?s={search_term_string}\"},\"query-input\":{\"@type\":\"PropertyValueSpecification\",\"valueRequired\":true,\"valueName\":\"search_term_string\"}}],\"inLanguage\":\"ca\"},{\"@type\":\"Organization\",\"@id\":\"https:\\\/\\\/canpizza.store\\\/#organization\",\"name\":\"CAN PIZZA\",\"url\":\"https:\\\/\\\/canpizza.store\\\/\",\"logo\":{\"@type\":\"ImageObject\",\"inLanguage\":\"ca\",\"@id\":\"https:\\\/\\\/canpizza.store\\\/#\\\/schema\\\/logo\\\/image\\\/\",\"url\":\"https:\\\/\\\/canpizza.store\\\/wp-content\\\/uploads\\\/2023\\\/06\\\/can-pizza-logo.png\",\"contentUrl\":\"https:\\\/\\\/canpizza.store\\\/wp-content\\\/uploads\\\/2023\\\/06\\\/can-pizza-logo.png\",\"width\":706,\"height\":164,\"caption\":\"CAN PIZZA\"},\"image\":{\"@id\":\"https:\\\/\\\/canpizza.store\\\/#\\\/schema\\\/logo\\\/image\\\/\"},\"sameAs\":[\"https:\\\/\\\/www.facebook.com\\\/canpizzaoficial\\\/?locale=es_ES\",\"https:\\\/\\\/www.instagram.com\\\/canpizzaoficial\\\/\",\"https:\\\/\\\/www.youtube.com\\\/channel\\\/UCB-1lAueskvomnaikShzaYQ\",\"https:\\\/\\\/www.linkedin.com\\\/company\\\/can-pizza?original_referer=httpswwwgooglecom&originalSubdomain=es\"]}]}<\/script>\n<!-- \/ Yoast SEO plugin. -->","yoast_head_json":{"title":"JAVIER RODR\u00cdGUEZ X CAN PIZZA - CAN PIZZA","robots":{"index":"index","follow":"follow","max-snippet":"max-snippet:-1","max-image-preview":"max-image-preview:large","max-video-preview":"max-video-preview:-1"},"canonical":"https:\/\/canpizza.store\/producto\/javier-rodriguez-x-can-pizza\/","og_locale":"ca_ES","og_type":"article","og_title":"JAVIER RODR\u00cdGUEZ X CAN PIZZA - CAN PIZZA","og_description":"JAVIER RODR\u00cdGUEZ x CAN PIZZA Edici\u00f3n limitada.","og_url":"https:\/\/canpizza.store\/producto\/javier-rodriguez-x-can-pizza\/","og_site_name":"CAN PIZZA","article_publisher":"https:\/\/www.facebook.com\/canpizzaoficial\/?locale=es_ES","article_modified_time":"2026-01-12T13:44:38+00:00","og_image":[{"width":1000,"height":1000,"url":"https:\/\/canpizza.store\/wp-content\/uploads\/2023\/10\/javier-sold-out.png","type":"image\/png"}],"twitter_card":"summary_large_image","schema":{"@context":"https:\/\/schema.org","@graph":[{"@type":"WebPage","@id":"https:\/\/canpizza.store\/producto\/javier-rodriguez-x-can-pizza\/","url":"https:\/\/canpizza.store\/producto\/javier-rodriguez-x-can-pizza\/","name":"JAVIER RODR\u00cdGUEZ X CAN PIZZA - CAN PIZZA","isPartOf":{"@id":"https:\/\/canpizza.store\/#website"},"primaryImageOfPage":{"@id":"https:\/\/canpizza.store\/producto\/javier-rodriguez-x-can-pizza\/#primaryimage"},"image":{"@id":"https:\/\/canpizza.store\/producto\/javier-rodriguez-x-can-pizza\/#primaryimage"},"thumbnailUrl":"https:\/\/canpizza.store\/wp-content\/uploads\/2023\/10\/javier-sold-out.png","datePublished":"2023-10-09T09:30:24+00:00","dateModified":"2026-01-12T13:44:38+00:00","breadcrumb":{"@id":"https:\/\/canpizza.store\/producto\/javier-rodriguez-x-can-pizza\/#breadcrumb"},"inLanguage":"ca","potentialAction":[{"@type":"ReadAction","target":["https:\/\/canpizza.store\/producto\/javier-rodriguez-x-can-pizza\/"]}]},{"@type":"ImageObject","inLanguage":"ca","@id":"https:\/\/canpizza.store\/producto\/javier-rodriguez-x-can-pizza\/#primaryimage","url":"https:\/\/canpizza.store\/wp-content\/uploads\/2023\/10\/javier-sold-out.png","contentUrl":"https:\/\/canpizza.store\/wp-content\/uploads\/2023\/10\/javier-sold-out.png","width":1000,"height":1000,"caption":"JAVIER RODR\u00cdGUEZ X CAN PIZZA"},{"@type":"BreadcrumbList","@id":"https:\/\/canpizza.store\/producto\/javier-rodriguez-x-can-pizza\/#breadcrumb","itemListElement":[{"@type":"ListItem","position":1,"name":"Portada","item":"https:\/\/canpizza.store\/"},{"@type":"ListItem","position":2,"name":"Tienda Can Pizza","item":"https:\/\/canpizza.store\/tienda\/"},{"@type":"ListItem","position":3,"name":"JAVIER RODR\u00cdGUEZ X CAN PIZZA"}]},{"@type":"WebSite","@id":"https:\/\/canpizza.store\/#website","url":"https:\/\/canpizza.store\/","name":"CAN PIZZA","description":"Respect the pizza","publisher":{"@id":"https:\/\/canpizza.store\/#organization"},"alternateName":"CAN PIZZA","potentialAction":[{"@type":"SearchAction","target":{"@type":"EntryPoint","urlTemplate":"https:\/\/canpizza.store\/?s={search_term_string}"},"query-input":{"@type":"PropertyValueSpecification","valueRequired":true,"valueName":"search_term_string"}}],"inLanguage":"ca"},{"@type":"Organization","@id":"https:\/\/canpizza.store\/#organization","name":"CAN PIZZA","url":"https:\/\/canpizza.store\/","logo":{"@type":"ImageObject","inLanguage":"ca","@id":"https:\/\/canpizza.store\/#\/schema\/logo\/image\/","url":"https:\/\/canpizza.store\/wp-content\/uploads\/2023\/06\/can-pizza-logo.png","contentUrl":"https:\/\/canpizza.store\/wp-content\/uploads\/2023\/06\/can-pizza-logo.png","width":706,"height":164,"caption":"CAN PIZZA"},"image":{"@id":"https:\/\/canpizza.store\/#\/schema\/logo\/image\/"},"sameAs":["https:\/\/www.facebook.com\/canpizzaoficial\/?locale=es_ES","https:\/\/www.instagram.com\/canpizzaoficial\/","https:\/\/www.youtube.com\/channel\/UCB-1lAueskvomnaikShzaYQ","https:\/\/www.linkedin.com\/company\/can-pizza?original_referer=httpswwwgooglecom&originalSubdomain=es"]}]}},"_links":{"self":[{"href":"https:\/\/canpizza.store\/ca\/wp-json\/wp\/v2\/product\/2836","targetHints":{"allow":["GET"]}}],"collection":[{"href":"https:\/\/canpizza.store\/ca\/wp-json\/wp\/v2\/product"}],"about":[{"href":"https:\/\/canpizza.store\/ca\/wp-json\/wp\/v2\/types\/product"}],"replies":[{"embeddable":true,"href":"https:\/\/canpizza.store\/ca\/wp-json\/wp\/v2\/comments?post=2836"}],"wp:featuredmedia":[{"embeddable":true,"href":"https:\/\/canpizza.store\/ca\/wp-json\/wp\/v2\/media\/2842"}],"wp:attachment":[{"href":"https:\/\/canpizza.store\/ca\/wp-json\/wp\/v2\/media?parent=2836"}],"wp:term":[{"taxonomy":"product_brand","embeddable":true,"href":"https:\/\/canpizza.store\/ca\/wp-json\/wp\/v2\/product_brand?post=2836"},{"taxonomy":"product_cat","embeddable":true,"href":"https:\/\/canpizza.store\/ca\/wp-json\/wp\/v2\/product_cat?post=2836"},{"taxonomy":"product_tag","embeddable":true,"href":"https:\/\/canpizza.store\/ca\/wp-json\/wp\/v2\/product_tag?post=2836"}],"curies":[{"name":"wp","href":"https:\/\/api.w.org\/{rel}","templated":true}]}}